{"id":13,"date":"2020-04-10T22:35:00","date_gmt":"2020-04-10T20:35:00","guid":{"rendered":"http:\/\/hohenlimburger-akkordeon-orchester.de\/wordpress\/?page_id=13"},"modified":"2026-01-14T22:50:52","modified_gmt":"2026-01-14T21:50:52","slug":"startseite","status":"publish","type":"page","link":"https:\/\/hohenlimburger-akkordeon-orchester.de\/wordpress\/","title":{"rendered":"Startseite"},"content":{"rendered":"<p><div class=\"fusion-fullwidth fullwidth-box fusion-builder-row-1 nonhundred-percent-fullwidth non-hundred-percent-height-scrolling\" style=\"--awb-border-radius-top-left:0px;--awb-border-radius-top-right:0px;--awb-border-radius-bottom-right:0px;--awb-border-radius-bottom-left:0px;--awb-flex-wrap:wrap;\" ><div class=\"fusion-builder-row fusion-row\"><div class=\"fusion-layout-column fusion_builder_column fusion-builder-column-0 fusion_builder_column_2_3 2_3 fusion-two-third fusion-column-first\" style=\"--awb-bg-size:cover;width:66.666666666667%;width:calc(66.666666666667% - ( ( 4% ) * 0.66666666666667 ) );margin-right: 4%;\"><div class=\"fusion-column-wrapper fusion-column-has-shadow fusion-flex-column-wrapper-legacy\"><div class=\"fusion-image-element in-legacy-container\" style=\"--awb-caption-title-font-family:var(--h2_typography-font-family);--awb-caption-title-font-weight:var(--h2_typography-font-weight);--awb-caption-title-font-style:var(--h2_typography-font-style);--awb-caption-title-size:var(--h2_typography-font-size);--awb-caption-title-transform:var(--h2_typography-text-transform);--awb-caption-title-line-height:var(--h2_typography-line-height);--awb-caption-title-letter-spacing:var(--h2_typography-letter-spacing);\"><span class=\" fusion-imageframe imageframe-none imageframe-1 hover-type-none\"><img decoding=\"async\" width=\"1280\" height=\"853\" title=\"2018 Hasper Hammer\" src=\"https:\/\/hohenlimburger-akkordeon-orchester.de\/wordpress\/wp-content\/uploads\/2020\/04\/2018-Hasper-Hammer.jpg\" alt class=\"img-responsive wp-image-62\" srcset=\"https:\/\/hohenlimburger-akkordeon-orchester.de\/wordpress\/wp-content\/uploads\/2020\/04\/2018-Hasper-Hammer-e1586536167833-150x100.jpg 150w, https:\/\/hohenlimburger-akkordeon-orchester.de\/wordpress\/wp-content\/uploads\/2020\/04\/2018-Hasper-Hammer-300x200.jpg 300w, https:\/\/hohenlimburger-akkordeon-orchester.de\/wordpress\/wp-content\/uploads\/2020\/04\/2018-Hasper-Hammer-768x512.jpg 768w, https:\/\/hohenlimburger-akkordeon-orchester.de\/wordpress\/wp-content\/uploads\/2020\/04\/2018-Hasper-Hammer-1024x682.jpg 1024w, https:\/\/hohenlimburger-akkordeon-orchester.de\/wordpress\/wp-content\/uploads\/2020\/04\/2018-Hasper-Hammer.jpg 1280w\" sizes=\"(max-width: 1280px) 100vw, 1280px\" \/><\/span><\/div><div class=\"fusion-clearfix\"><\/div><\/div><\/div><div class=\"fusion-layout-column fusion_builder_column fusion-builder-column-1 fusion_builder_column_1_3 1_3 fusion-one-third fusion-column-last\" style=\"--awb-padding-right:20px;--awb-padding-left:20px;--awb-bg-size:cover;--awb-box-shadow:20px 20px 0px 0px #f44336;;--awb-border-color:#000000;--awb-border-top:2px;--awb-border-right:2px;--awb-border-bottom:2px;--awb-border-left:2px;--awb-border-style:solid;--awb-margin-top:50px;--awb-margin-bottom:0px;width:33.333333333333%;width:calc(33.333333333333% - ( ( 4% ) * 0.33333333333333 ) );\"><div class=\"fusion-column-wrapper fusion-column-has-shadow fusion-flex-column-wrapper-legacy\"><div class=\"fusion-text fusion-text-1\"><h1 style=\"text-align: left;\"><strong><span style=\"font-size: 26px;\">&#8222;Musik und Rhythmus finden ihren Weg zu den geheimsten Pl\u00e4tzen der Seele.&#8220;&nbsp;<\/span><\/strong><\/h1>\n<\/div><div class=\"fusion-text fusion-text-2\"><p style=\"text-align: right;\"><strong>(Platon)<\/strong><\/p>\n<\/div><div class=\"fusion-clearfix\"><\/div><\/div><\/div><div class=\"fusion-layout-column fusion_builder_column fusion-builder-column-2 fusion_builder_column_1_1 1_1 fusion-one-full fusion-column-first fusion-column-last\" style=\"--awb-bg-blend:overlay;--awb-bg-size:cover;--awb-margin-bottom:0px;\"><div class=\"fusion-column-wrapper fusion-flex-column-wrapper-legacy\"><div class=\"fusion-text fusion-text-3\"><\/div><div class=\"fusion-section-separator section-separator slant fusion-section-separator-1\" style=\"--awb-spacer-height:99px;--awb-svg-margin-left:0;--awb-svg-margin-right:0;--awb-divider-height:99px;--awb-spacer-padding-top:inherit;--awb-sep-padding:0;--awb-svg-padding:0;\"><div class=\"fusion-section-separator-svg\"><svg class=\"fusion-slant-candy\" xmlns=\"http:\/\/www.w3.org\/2000\/svg\" version=\"1.1\" width=\"100%\" height=\"100\" viewBox=\"0 0 100 100\" preserveAspectRatio=\"none\" fill=\"rgba(249,249,251,1)\"><path d=\"M100 0 L100 100 L0 0 Z\"><\/path><\/svg><\/div><div class=\"fusion-section-separator-spacer\"><div class=\"fusion-section-separator-spacer-height\"><\/div><\/div><\/div><div class=\"fusion-text fusion-text-4\"><\/div><div class=\"fusion-clearfix\"><\/div><\/div><\/div><\/div><\/div><div class=\"fusion-fullwidth fullwidth-box fusion-builder-row-2 fusion-flex-container has-pattern-background has-mask-background nonhundred-percent-fullwidth non-hundred-percent-height-scrolling\" style=\"--awb-border-radius-top-left:0px;--awb-border-radius-top-right:0px;--awb-border-radius-bottom-right:0px;--awb-border-radius-bottom-left:0px;--awb-flex-wrap:wrap;\" ><div class=\"fusion-builder-row fusion-row fusion-flex-align-items-flex-start fusion-flex-content-wrap\" style=\"max-width:1248px;margin-left: calc(-4% \/ 2 );margin-right: calc(-4% \/ 2 );\"><div class=\"fusion-layout-column fusion_builder_column fusion-builder-column-3 fusion_builder_column_1_2 1_2 fusion-flex-column\" style=\"--awb-bg-size:cover;--awb-width-large:50%;--awb-margin-top-large:0px;--awb-spacing-right-large:3.84%;--awb-margin-bottom-large:20px;--awb-spacing-left-large:3.84%;--awb-width-medium:100%;--awb-order-medium:0;--awb-spacing-right-medium:1.92%;--awb-spacing-left-medium:1.92%;--awb-width-small:100%;--awb-order-small:0;--awb-spacing-right-small:1.92%;--awb-spacing-left-small:1.92%;\"><div class=\"fusion-column-wrapper fusion-column-has-shadow fusion-flex-justify-content-flex-start fusion-content-layout-column\"><div class=\"fusion-image-element \" style=\"text-align:center;--awb-caption-title-font-family:var(--h2_typography-font-family);--awb-caption-title-font-weight:var(--h2_typography-font-weight);--awb-caption-title-font-style:var(--h2_typography-font-style);--awb-caption-title-size:var(--h2_typography-font-size);--awb-caption-title-transform:var(--h2_typography-text-transform);--awb-caption-title-line-height:var(--h2_typography-line-height);--awb-caption-title-letter-spacing:var(--h2_typography-letter-spacing);\"><span class=\" fusion-imageframe imageframe-none imageframe-2 hover-type-none\"><img decoding=\"async\" width=\"424\" height=\"600\" title=\"Plakat_hasperHammer_2026_klein\" src=\"https:\/\/hohenlimburger-akkordeon-orchester.de\/wordpress\/wp-content\/uploads\/2026\/01\/Plakat_hasperHammer_2026_klein.jpg\" alt class=\"img-responsive wp-image-1264\" srcset=\"https:\/\/hohenlimburger-akkordeon-orchester.de\/wordpress\/wp-content\/uploads\/2026\/01\/Plakat_hasperHammer_2026_klein-200x283.jpg 200w, https:\/\/hohenlimburger-akkordeon-orchester.de\/wordpress\/wp-content\/uploads\/2026\/01\/Plakat_hasperHammer_2026_klein-400x566.jpg 400w, https:\/\/hohenlimburger-akkordeon-orchester.de\/wordpress\/wp-content\/uploads\/2026\/01\/Plakat_hasperHammer_2026_klein.jpg 424w\" sizes=\"(max-width: 1024px) 100vw, (max-width: 640px) 100vw, 424px\" \/><\/span><\/div><\/div><\/div><div class=\"fusion-layout-column fusion_builder_column fusion-builder-column-4 fusion_builder_column_1_2 1_2 fusion-flex-column\" style=\"--awb-bg-size:cover;--awb-width-large:50%;--awb-margin-top-large:0px;--awb-spacing-right-large:3.84%;--awb-margin-bottom-large:20px;--awb-spacing-left-large:3.84%;--awb-width-medium:100%;--awb-order-medium:0;--awb-spacing-right-medium:1.92%;--awb-spacing-left-medium:1.92%;--awb-width-small:100%;--awb-order-small:0;--awb-spacing-right-small:1.92%;--awb-spacing-left-small:1.92%;\"><div class=\"fusion-column-wrapper fusion-column-has-shadow fusion-flex-justify-content-flex-start fusion-content-layout-column\"><div class=\"fusion-text fusion-text-5\"><\/p>\n<p style=\"text-align: center;\"><strong>Neujahrskonzert 2026<\/strong><\/p>\n<p style=\"text-align: center;\"><span style=\"background-color: rgba(0, 0, 0, 0);\">Das Hohenlimburger Akkordeon-Orchester l\u00e4dt herzlich zum diesj\u00e4hrigen Neujahrskonzert im HasperHammer ein.<\/span><\/p>\n<\/p>\n<p><strong style=\"background-color: rgba(0, 0, 0, 0);\">Sonntag, 25.01.2026, Beginn 18:00 Uhr<\/strong><\/p>\n<p>Kartenbestellung telefonisch oder online unter www.Hasperhammer.de<\/p>\n<\/div><\/div><\/div><div class=\"fusion-layout-column fusion_builder_column fusion-builder-column-5 fusion_builder_column_1_1 1_1 fusion-flex-column\" style=\"--awb-bg-size:cover;--awb-width-large:100%;--awb-margin-top-large:0px;--awb-spacing-right-large:1.92%;--awb-margin-bottom-large:20px;--awb-spacing-left-large:1.92%;--awb-width-medium:100%;--awb-order-medium:0;--awb-spacing-right-medium:1.92%;--awb-spacing-left-medium:1.92%;--awb-width-small:100%;--awb-order-small:0;--awb-spacing-right-small:1.92%;--awb-spacing-left-small:1.92%;\"><div class=\"fusion-column-wrapper fusion-column-has-shadow fusion-flex-justify-content-flex-start fusion-content-layout-column\"><div class=\"fusion-section-separator section-separator slant fusion-section-separator-2\" style=\"--awb-spacer-height:99px;--awb-svg-margin-left:1.92%;--awb-svg-margin-right:1.92%;--awb-svg-margin-left-medium:1.92%;--awb-svg-margin-right-medium:1.92%;--awb-svg-margin-left-small:1.92%;--awb-svg-margin-right-small:1.92%;--awb-divider-height:99px;--awb-spacer-padding-top:inherit;--awb-sep-padding:0;--awb-svg-padding:0;\"><div class=\"fusion-section-separator-svg\"><svg class=\"fusion-slant-candy\" xmlns=\"http:\/\/www.w3.org\/2000\/svg\" version=\"1.1\" width=\"100%\" height=\"100\" viewBox=\"0 0 100 100\" preserveAspectRatio=\"none\" fill=\"rgba(249,249,251,1)\"><path d=\"M100 0 L100 100 L0 0 Z\"><\/path><\/svg><\/div><div class=\"fusion-section-separator-spacer\"><div class=\"fusion-section-separator-spacer-height\"><\/div><\/div><\/div><\/div><\/div><\/div><\/div><div class=\"fusion-fullwidth fullwidth-box fusion-builder-row-3 fusion-flex-container has-pattern-background has-mask-background nonhundred-percent-fullwidth non-hundred-percent-height-scrolling\" style=\"--awb-border-radius-top-left:0px;--awb-border-radius-top-right:0px;--awb-border-radius-bottom-right:0px;--awb-border-radius-bottom-left:0px;--awb-flex-wrap:wrap;\" ><div class=\"fusion-builder-row fusion-row fusion-flex-align-items-flex-start fusion-flex-content-wrap\" style=\"max-width:1248px;margin-left: calc(-4% \/ 2 );margin-right: calc(-4% \/ 2 );\"><div class=\"fusion-layout-column fusion_builder_column fusion-builder-column-6 fusion_builder_column_1_3 1_3 fusion-flex-column\" style=\"--awb-bg-size:cover;--awb-width-large:33.333333333333%;--awb-margin-top-large:0px;--awb-spacing-right-large:5.76%;--awb-margin-bottom-large:20px;--awb-spacing-left-large:5.76%;--awb-width-medium:100%;--awb-order-medium:0;--awb-spacing-right-medium:1.92%;--awb-spacing-left-medium:1.92%;--awb-width-small:100%;--awb-order-small:0;--awb-spacing-right-small:1.92%;--awb-spacing-left-small:1.92%;\"><div class=\"fusion-column-wrapper fusion-column-has-shadow fusion-flex-justify-content-flex-start fusion-content-layout-column\"><div class=\"fusion-text fusion-text-6\"><p style=\"text-align: center;\"><strong>&nbsp;<\/strong><\/p>\n<p style=\"text-align: center;\"><strong>Staffel\u00fcbergabe im Vorstand<\/strong><\/p>\n<p style=\"text-align: center;\">Margit Buxhoidt, die langj\u00e4hrige 1. Vorsitzende, trat aus gesundheitlichen Gr\u00fcnden nicht mehr zur Wahl an. Nach 25 Jahren \u00fcbergab sie den Staffelstab an Katja S\u00fclberg. Margit Buxhoidt bleibt dem Verein weiterhin treu und wurde einstimmig von allen anwesenden Mitgliedernn zur Ehrenvorsitzenden ernannt.<\/p>\n<p>&nbsp;<\/p>\n<p>&nbsp;<\/p>\n<p>&nbsp;<\/p>\n<p>&nbsp;<\/p>\n<p>&nbsp;<\/p>\n<p>&nbsp;<\/p>\n<p>v.l.n.r. Sigrid Sandmann (2. Vorsitzende), Margit Buxhoidt (Ehrenvorsitzende), Katja S\u00fclberg (1. Vorsitzende), Adelheid Winterhager (Kassiererin)<\/p>\n<\/div><\/div><\/div><div class=\"fusion-layout-column fusion_builder_column fusion-builder-column-7 fusion_builder_column_2_3 2_3 fusion-flex-column\" style=\"--awb-bg-size:cover;--awb-width-large:66.666666666667%;--awb-margin-top-large:0px;--awb-spacing-right-large:2.88%;--awb-margin-bottom-large:20px;--awb-spacing-left-large:2.88%;--awb-width-medium:100%;--awb-order-medium:0;--awb-spacing-right-medium:1.92%;--awb-spacing-left-medium:1.92%;--awb-width-small:100%;--awb-order-small:0;--awb-spacing-right-small:1.92%;--awb-spacing-left-small:1.92%;\"><div class=\"fusion-column-wrapper fusion-column-has-shadow fusion-flex-justify-content-flex-start fusion-content-layout-column\"><div class=\"fusion-image-element \" style=\"--awb-caption-title-font-family:var(--h2_typography-font-family);--awb-caption-title-font-weight:var(--h2_typography-font-weight);--awb-caption-title-font-style:var(--h2_typography-font-style);--awb-caption-title-size:var(--h2_typography-font-size);--awb-caption-title-transform:var(--h2_typography-text-transform);--awb-caption-title-line-height:var(--h2_typography-line-height);--awb-caption-title-letter-spacing:var(--h2_typography-letter-spacing);\"><span class=\" fusion-imageframe imageframe-none imageframe-3 hover-type-none\"><img decoding=\"async\" width=\"2560\" height=\"2316\" title=\"2025 Vorstand\" src=\"https:\/\/hohenlimburger-akkordeon-orchester.de\/wordpress\/wp-content\/uploads\/2025\/03\/2025-Vorstand-1-scaled.jpg\" alt class=\"img-responsive wp-image-1222\" srcset=\"https:\/\/hohenlimburger-akkordeon-orchester.de\/wordpress\/wp-content\/uploads\/2025\/03\/2025-Vorstand-1-200x181.jpg 200w, https:\/\/hohenlimburger-akkordeon-orchester.de\/wordpress\/wp-content\/uploads\/2025\/03\/2025-Vorstand-1-400x362.jpg 400w, https:\/\/hohenlimburger-akkordeon-orchester.de\/wordpress\/wp-content\/uploads\/2025\/03\/2025-Vorstand-1-600x543.jpg 600w, https:\/\/hohenlimburger-akkordeon-orchester.de\/wordpress\/wp-content\/uploads\/2025\/03\/2025-Vorstand-1-800x724.jpg 800w, https:\/\/hohenlimburger-akkordeon-orchester.de\/wordpress\/wp-content\/uploads\/2025\/03\/2025-Vorstand-1-1200x1085.jpg 1200w, https:\/\/hohenlimburger-akkordeon-orchester.de\/wordpress\/wp-content\/uploads\/2025\/03\/2025-Vorstand-1-scaled.jpg 2560w\" sizes=\"(max-width: 1024px) 100vw, (max-width: 640px) 100vw, 800px\" \/><\/span><\/div><\/div><\/div><div class=\"fusion-layout-column fusion_builder_column fusion-builder-column-8 fusion_builder_column_1_1 1_1 fusion-flex-column\" style=\"--awb-bg-size:cover;--awb-width-large:100%;--awb-margin-top-large:0px;--awb-spacing-right-large:1.92%;--awb-margin-bottom-large:20px;--awb-spacing-left-large:1.92%;--awb-width-medium:100%;--awb-order-medium:0;--awb-spacing-right-medium:1.92%;--awb-spacing-left-medium:1.92%;--awb-width-small:100%;--awb-order-small:0;--awb-spacing-right-small:1.92%;--awb-spacing-left-small:1.92%;\"><div class=\"fusion-column-wrapper fusion-column-has-shadow fusion-flex-justify-content-flex-start fusion-content-layout-column\"><div class=\"fusion-section-separator section-separator slant fusion-section-separator-3\" style=\"--awb-spacer-height:99px;--awb-svg-margin-left:1.92%;--awb-svg-margin-right:1.92%;--awb-svg-margin-left-medium:1.92%;--awb-svg-margin-right-medium:1.92%;--awb-svg-margin-left-small:1.92%;--awb-svg-margin-right-small:1.92%;--awb-divider-height:99px;--awb-spacer-padding-top:inherit;--awb-sep-padding:0;--awb-svg-padding:0;\"><div class=\"fusion-section-separator-svg\"><svg class=\"fusion-slant-candy\" xmlns=\"http:\/\/www.w3.org\/2000\/svg\" version=\"1.1\" width=\"100%\" height=\"100\" viewBox=\"0 0 100 100\" preserveAspectRatio=\"none\" fill=\"rgba(249,249,251,1)\"><path d=\"M100 0 L100 100 L0 0 Z\"><\/path><\/svg><\/div><div class=\"fusion-section-separator-spacer\"><div class=\"fusion-section-separator-spacer-height\"><\/div><\/div><\/div><\/div><\/div><\/div><\/div><\/p>\n","protected":false},"excerpt":{"rendered":"","protected":false},"author":3,"featured_media":0,"parent":0,"menu_order":10,"comment_status":"closed","ping_status":"closed","template":"","meta":{"footnotes":""},"class_list":["post-13","page","type-page","status-publish","hentry"],"_links":{"self":[{"href":"https:\/\/hohenlimburger-akkordeon-orchester.de\/wordpress\/wp-json\/wp\/v2\/pages\/13","targetHints":{"allow":["GET"]}}],"collection":[{"href":"https:\/\/hohenlimburger-akkordeon-orchester.de\/wordpress\/wp-json\/wp\/v2\/pages"}],"about":[{"href":"https:\/\/hohenlimburger-akkordeon-orchester.de\/wordpress\/wp-json\/wp\/v2\/types\/page"}],"author":[{"embeddable":true,"href":"https:\/\/hohenlimburger-akkordeon-orchester.de\/wordpress\/wp-json\/wp\/v2\/users\/3"}],"replies":[{"embeddable":true,"href":"https:\/\/hohenlimburger-akkordeon-orchester.de\/wordpress\/wp-json\/wp\/v2\/comments?post=13"}],"version-history":[{"count":131,"href":"https:\/\/hohenlimburger-akkordeon-orchester.de\/wordpress\/wp-json\/wp\/v2\/pages\/13\/revisions"}],"predecessor-version":[{"id":1266,"href":"https:\/\/hohenlimburger-akkordeon-orchester.de\/wordpress\/wp-json\/wp\/v2\/pages\/13\/revisions\/1266"}],"wp:attachment":[{"href":"https:\/\/hohenlimburger-akkordeon-orchester.de\/wordpress\/wp-json\/wp\/v2\/media?parent=13"}],"curies":[{"name":"wp","href":"https:\/\/api.w.org\/{rel}","templated":true}]}}