{"id":23,"date":"2019-12-11T22:58:59","date_gmt":"2019-12-11T21:58:59","guid":{"rendered":"http:\/\/hohenlimburger-akkordeon-orchester.de\/wordpress\/?page_id=23"},"modified":"2021-10-28T17:17:03","modified_gmt":"2021-10-28T15:17:03","slug":"unser-verein","status":"publish","type":"page","link":"https:\/\/hohenlimburger-akkordeon-orchester.de\/wordpress\/unser-verein\/","title":{"rendered":"Unser Verein"},"content":{"rendered":"<div class=\"fusion-fullwidth fullwidth-box fusion-builder-row-1 nonhundred-percent-fullwidth non-hundred-percent-height-scrolling\" style=\"--awb-border-radius-top-left:0px;--awb-border-radius-top-right:0px;--awb-border-radius-bottom-right:0px;--awb-border-radius-bottom-left:0px;--awb-flex-wrap:wrap;\" ><div class=\"fusion-builder-row fusion-row\"><div class=\"fusion-layout-column fusion_builder_column fusion-builder-column-0 fusion_builder_column_1_1 1_1 fusion-one-full fusion-column-first fusion-column-last\" style=\"--awb-bg-size:cover;\"><div class=\"fusion-column-wrapper fusion-column-has-shadow fusion-flex-column-wrapper-legacy\"><div class=\"fusion-text fusion-text-1\"><h3 data-fontsize=\"32\" data-lineheight=\"41.6px\" class=\"fusion-responsive-typography-calculated\" style=\"--fontSize:32; line-height: 1.3;\"><strong>Wir sind ein Akkordeon-Orchester mit 31 aktiven Spielern im Alter von 17 \u2013 81 Jahren.<\/strong><\/h3>\n<h3 data-fontsize=\"32\" data-lineheight=\"41.6px\" class=\"fusion-responsive-typography-calculated\" style=\"--fontSize:32; line-height: 1.3;\"><strong>Wir \u00fcben jede Woche und geben im Laufe des Jahres zahlreiche Konzerte in Hagen und Umgebung. Regelm\u00e4\u00dfig unternehmen wir Konzertreisen oder Ausfl\u00fcge, bei denen uns die Familien mitsamt Kindern begleiten. Uns ist es wichtig neben dem Musizieren auch freundschaftliche Kontakte innerhalb des Vereins zu pflegen.<\/strong><\/h3>\n<h3 data-fontsize=\"32\" data-lineheight=\"41.6px\" class=\"fusion-responsive-typography-calculated\" style=\"--fontSize:32; line-height: 1.3;\"><strong>Interessierte Musiker sind herzlich willkommen uns bei den Proben oder bei einem Konzert zu besuchen.<\/strong><\/h3>\n<\/div><div class=\"fusion-clearfix\"><\/div><\/div><\/div><\/div><\/div>\n","protected":false},"excerpt":{"rendered":"","protected":false},"author":1,"featured_media":0,"parent":0,"menu_order":20,"comment_status":"closed","ping_status":"closed","template":"page-templates\/full-width-template.php","meta":{"footnotes":""},"class_list":["post-23","page","type-page","status-publish","hentry"],"_links":{"self":[{"href":"https:\/\/hohenlimburger-akkordeon-orchester.de\/wordpress\/wp-json\/wp\/v2\/pages\/23","targetHints":{"allow":["GET"]}}],"collection":[{"href":"https:\/\/hohenlimburger-akkordeon-orchester.de\/wordpress\/wp-json\/wp\/v2\/pages"}],"about":[{"href":"https:\/\/hohenlimburger-akkordeon-orchester.de\/wordpress\/wp-json\/wp\/v2\/types\/page"}],"author":[{"embeddable":true,"href":"https:\/\/hohenlimburger-akkordeon-orchester.de\/wordpress\/wp-json\/wp\/v2\/users\/1"}],"replies":[{"embeddable":true,"href":"https:\/\/hohenlimburger-akkordeon-orchester.de\/wordpress\/wp-json\/wp\/v2\/comments?post=23"}],"version-history":[{"count":11,"href":"https:\/\/hohenlimburger-akkordeon-orchester.de\/wordpress\/wp-json\/wp\/v2\/pages\/23\/revisions"}],"predecessor-version":[{"id":923,"href":"https:\/\/hohenlimburger-akkordeon-orchester.de\/wordpress\/wp-json\/wp\/v2\/pages\/23\/revisions\/923"}],"wp:attachment":[{"href":"https:\/\/hohenlimburger-akkordeon-orchester.de\/wordpress\/wp-json\/wp\/v2\/media?parent=23"}],"curies":[{"name":"wp","href":"https:\/\/api.w.org\/{rel}","templated":true}]}}