{"id":36,"date":"2019-12-16T11:00:47","date_gmt":"2019-12-16T10:00:47","guid":{"rendered":"https:\/\/hohenlimburger-akkordeon-orchester.de\/wordpress\/?page_id=36"},"modified":"2024-12-25T23:59:06","modified_gmt":"2024-12-25T22:59:06","slug":"proben","status":"publish","type":"page","link":"https:\/\/hohenlimburger-akkordeon-orchester.de\/wordpress\/unser-verein\/proben\/","title":{"rendered":"Proben"},"content":{"rendered":"<div class=\"fusion-fullwidth fullwidth-box fusion-builder-row-1 nonhundred-percent-fullwidth non-hundred-percent-height-scrolling\" style=\"--awb-border-radius-top-left:0px;--awb-border-radius-top-right:0px;--awb-border-radius-bottom-right:0px;--awb-border-radius-bottom-left:0px;--awb-flex-wrap:wrap;\" ><div class=\"fusion-builder-row fusion-row\"><div class=\"fusion-layout-column fusion_builder_column fusion-builder-column-0 fusion_builder_column_1_2 1_2 fusion-one-half fusion-column-first\" style=\"--awb-bg-size:cover;--awb-margin-bottom:0px;width:50%;width:calc(50% - ( ( 4% + 4% ) * 0.5 ) );margin-right: 4%;\"><div class=\"fusion-column-wrapper fusion-flex-column-wrapper-legacy\"><div class=\"fusion-text fusion-text-1\"><h2>Probenarbeit<\/h2>\n<\/div><div class=\"fusion-text fusion-text-2\"><\/p>\n<p class=\"has-text-color has-very-light-gray-color\"><span class=\"has-inline-color has-very-dark-gray-color\"><strong>Das Hohenlimburger Akkordeon-Orchester probt jeden Montag von 19:30-21:30 Uhr im<\/strong><\/span><\/p>\n<p><span class=\"has-inline-color has-very-dark-gray-color\"><strong>Gemeindehaus der evangelischen Kirche Berchum<br>Auf dem Blumenkampe 8<br>58093 Hagen <\/strong><\/span><\/p>\n<p><strong>Jedes Jahr f\u00fchren wir einen Probentag sowie ein Probenwochenende durch. Au\u00dferdem organisieren wir regelm\u00e4\u00dfig Akkordeon Workshops <\/strong><strong>zu neuer Akkordeon-Literatur und -Techniken.&nbsp;<\/strong><\/p>\n<\/p>\n<p class=\"has-text-color has-very-light-gray-color\"><strong><span class=\"has-inline-color has-very-dark-gray-color\">Lust mitzuspielen? Jeder ist herzlich willkommen eine Probe zu besuchen oder auch direkt mitzuspielen.<\/span><\/strong><\/p>\n<\/p>\n<\/p><\/p>\n<\/div><div class=\"fusion-clearfix\"><\/div><\/div><\/div><div class=\"fusion-layout-column fusion_builder_column fusion-builder-column-1 fusion_builder_column_1_4 1_4 fusion-one-fourth\" style=\"--awb-bg-size:cover;width:25%;width:calc(25% - ( ( 4% + 4% ) * 0.25 ) );margin-right: 4%;\"><div class=\"fusion-column-wrapper fusion-column-has-shadow fusion-flex-column-wrapper-legacy\"><div class=\"fusion-clearfix\"><\/div><\/div><\/div><div class=\"fusion-layout-column fusion_builder_column fusion-builder-column-2 fusion_builder_column_1_4 1_4 fusion-one-fourth fusion-column-last\" style=\"--awb-bg-size:cover;width:25%;width:calc(25% - ( ( 4% + 4% ) * 0.25 ) );\"><div class=\"fusion-column-wrapper fusion-column-has-shadow fusion-flex-column-wrapper-legacy\"><div class=\"fusion-person person fusion-person-left fusion-person-1 fusion-person-icon-bottom\" style=\"--awb-pic-style-color:#000000;--awb-pic-borderradius:0px;--awb-margin-top:0px;--awb-margin-right:0px;--awb-margin-bottom:0px;--awb-margin-left:0px;--awb-social-box-border-top:0px;--awb-social-box-border-right:0px;--awb-social-box-border-bottom:0px;--awb-social-box-border-left:0px;--awb-social-box-border-color:var(--awb-color3);--awb-social-box-border-color-hover:var(--awb-color4);--awb-social-box-colors-hover:rgba(242,243,245,0.8);--awb-social-icon-boxed-colors:#f2f3f5;--awb-social-icon-colors:#9ea0a4;--awb-social-icon-colors-hover:rgba(158,160,164,0.8);\"><div class=\"person-shortcode-image-wrapper imageframe-liftup\"><div class=\"person-image-container\" style=\"border:0px solid #e2e2e2;-webkit-border-radius:0px;-moz-border-radius:0px;border-radius:0px;\"><img decoding=\"async\" class=\"person-img img-responsive wp-image-574\" width=\"381\" height=\"567\" src=\"https:\/\/hohenlimburger-akkordeon-orchester.de\/wordpress\/wp-content\/uploads\/2020\/10\/Juergen_Lollert.png\" alt=\"J\u00fcrgen Lollert\" srcset=\"https:\/\/hohenlimburger-akkordeon-orchester.de\/wordpress\/wp-content\/uploads\/2020\/10\/Juergen_Lollert-200x298.png 200w, https:\/\/hohenlimburger-akkordeon-orchester.de\/wordpress\/wp-content\/uploads\/2020\/10\/Juergen_Lollert.png 381w\" sizes=\"(max-width: 800px) 100vw, 381px\" \/><\/div><\/div><div class=\"person-desc\"><div class=\"person-author\"><div class=\"person-author-wrapper\"><span class=\"person-name\">J\u00fcrgen Lollert<\/span><span class=\"person-title\">Dirigent<\/span><\/div><\/div><div class=\"person-content fusion-clearfix\">Mobil: +49 170 6533788<\/div><div class=\"fusion-social-networks boxed-icons\"><div class=\"fusion-social-networks-wrapper\"><a class=\"fusion-social-network-icon fusion-tooltip fusion-mail awb-icon-mail custom\" aria-label=\"fusion-mail\" href=\"mailto:j&#117;er&#103;&#101;&#110;&#046;lo&#108;le&#114;t&#064;&#104;&#111;he&#110;l&#105;&#109;&#098;&#117;r&#103;e&#114;-&#097;&#107;ko&#114;&#100;&#101;on-o&#114;&#099;&#104;&#101;&#115;&#116;&#101;r.d&#101;\" target=\"_self\" style=\"color:#9ea0a4;background-color:#f2f3f5;border-color:var(--awb-color3);border-radius:4px;font-size:16px;padding:8px;\" data-placement=\"top\" data-title=\"Mail\" title=\"Mail\" data-toggle=\"tooltip\"><\/a><\/div><\/div><\/div><\/div><div class=\"fusion-clearfix\"><\/div><\/div><\/div><\/div><\/div><div class=\"fusion-fullwidth fullwidth-box fusion-builder-row-2 nonhundred-percent-fullwidth non-hundred-percent-height-scrolling\" style=\"--awb-border-radius-top-left:0px;--awb-border-radius-top-right:0px;--awb-border-radius-bottom-right:0px;--awb-border-radius-bottom-left:0px;--awb-flex-wrap:wrap;\" ><div class=\"fusion-builder-row fusion-row\"><div class=\"fusion-layout-column fusion_builder_column fusion-builder-column-3 fusion_builder_column_1_2 1_2 fusion-one-half fusion-column-first\" style=\"--awb-bg-size:cover;width:50%;width:calc(50% - ( ( 4% ) * 0.5 ) );margin-right: 4%;\"><div class=\"fusion-column-wrapper fusion-column-has-shadow fusion-flex-column-wrapper-legacy\"><a class=\"fusion-modal-text-link\" href=\"#\"><iframe src=\"https:\/\/www.google.com\/maps\/embed?pb=!1m18!1m12!1m3!1d2489.9868363849364!2d7.537411315742091!3d51.38491997961519!2m3!1f0!2f0!3f0!3m2!1i1024!2i768!4f13.1!3m3!1m2!1s0x47b93c27645f2245%3A0x81777153f10e0bcd!2sAuf%20dem%20Blumenkampe%208%2C%2058093%20Hagen!5e0!3m2!1sde!2sde!4v1599596080760!5m2!1sde!2sde\" width=\"600\" height=\"450\" frameborder=\"0\" style=\"border:0;\" allowfullscreen=\"\" aria-hidden=\"false\" tabindex=\"0\"><\/iframe><\/a><div class=\"fusion-clearfix\"><\/div><\/div><\/div><div class=\"fusion-layout-column fusion_builder_column fusion-builder-column-4 fusion_builder_column_1_2 1_2 fusion-one-half fusion-column-last\" style=\"--awb-bg-size:cover;--awb-margin-top:30px;width:50%;width:calc(50% - ( ( 4% ) * 0.5 ) );\"><div class=\"fusion-column-wrapper fusion-column-has-shadow fusion-flex-column-wrapper-legacy\"><div class=\"fusion-image-element in-legacy-container\" style=\"--awb-caption-title-font-family:var(--h2_typography-font-family);--awb-caption-title-font-weight:var(--h2_typography-font-weight);--awb-caption-title-font-style:var(--h2_typography-font-style);--awb-caption-title-size:var(--h2_typography-font-size);--awb-caption-title-transform:var(--h2_typography-text-transform);--awb-caption-title-line-height:var(--h2_typography-line-height);--awb-caption-title-letter-spacing:var(--h2_typography-letter-spacing);\"><span class=\" fusion-imageframe imageframe-none imageframe-1 hover-type-zoomin\"><img decoding=\"async\" width=\"1134\" height=\"756\" alt=\"Gemeindehaus Berchum\" title=\"Gemeindehaus Berchum\" src=\"https:\/\/hohenlimburger-akkordeon-orchester.de\/wordpress\/wp-content\/uploads\/2020\/11\/Gemeindehaus-Berchum-1.jpg\" class=\"img-responsive wp-image-649\" srcset=\"https:\/\/hohenlimburger-akkordeon-orchester.de\/wordpress\/wp-content\/uploads\/2020\/11\/Gemeindehaus-Berchum-1-200x133.jpg 200w, https:\/\/hohenlimburger-akkordeon-orchester.de\/wordpress\/wp-content\/uploads\/2020\/11\/Gemeindehaus-Berchum-1-400x267.jpg 400w, https:\/\/hohenlimburger-akkordeon-orchester.de\/wordpress\/wp-content\/uploads\/2020\/11\/Gemeindehaus-Berchum-1-600x400.jpg 600w, https:\/\/hohenlimburger-akkordeon-orchester.de\/wordpress\/wp-content\/uploads\/2020\/11\/Gemeindehaus-Berchum-1-800x533.jpg 800w, https:\/\/hohenlimburger-akkordeon-orchester.de\/wordpress\/wp-content\/uploads\/2020\/11\/Gemeindehaus-Berchum-1.jpg 1134w\" sizes=\"(max-width: 800px) 100vw, 600px\" \/><\/span><\/div><div class=\"fusion-clearfix\"><\/div><\/div><\/div><\/div><\/div>","protected":false},"excerpt":{"rendered":"","protected":false},"author":3,"featured_media":0,"parent":23,"menu_order":0,"comment_status":"closed","ping_status":"closed","template":"","meta":{"footnotes":""},"class_list":["post-36","page","type-page","status-publish","hentry"],"_links":{"self":[{"href":"https:\/\/hohenlimburger-akkordeon-orchester.de\/wordpress\/wp-json\/wp\/v2\/pages\/36","targetHints":{"allow":["GET"]}}],"collection":[{"href":"https:\/\/hohenlimburger-akkordeon-orchester.de\/wordpress\/wp-json\/wp\/v2\/pages"}],"about":[{"href":"https:\/\/hohenlimburger-akkordeon-orchester.de\/wordpress\/wp-json\/wp\/v2\/types\/page"}],"author":[{"embeddable":true,"href":"https:\/\/hohenlimburger-akkordeon-orchester.de\/wordpress\/wp-json\/wp\/v2\/users\/3"}],"replies":[{"embeddable":true,"href":"https:\/\/hohenlimburger-akkordeon-orchester.de\/wordpress\/wp-json\/wp\/v2\/comments?post=36"}],"version-history":[{"count":37,"href":"https:\/\/hohenlimburger-akkordeon-orchester.de\/wordpress\/wp-json\/wp\/v2\/pages\/36\/revisions"}],"predecessor-version":[{"id":1209,"href":"https:\/\/hohenlimburger-akkordeon-orchester.de\/wordpress\/wp-json\/wp\/v2\/pages\/36\/revisions\/1209"}],"up":[{"embeddable":true,"href":"https:\/\/hohenlimburger-akkordeon-orchester.de\/wordpress\/wp-json\/wp\/v2\/pages\/23"}],"wp:attachment":[{"href":"https:\/\/hohenlimburger-akkordeon-orchester.de\/wordpress\/wp-json\/wp\/v2\/media?parent=36"}],"curies":[{"name":"wp","href":"https:\/\/api.w.org\/{rel}","templated":true}]}}